{"id":102,"date":"2020-03-16T13:08:03","date_gmt":"2020-03-16T13:08:03","guid":{"rendered":"http:\/\/localhost\/epb_industrial_demos\/2\/?page_id=102"},"modified":"2024-02-13T15:52:06","modified_gmt":"2024-02-13T12:52:06","slug":"kalip-imalati","status":"publish","type":"page","link":"https:\/\/ozfer.com\/?page_id=102","title":{"rendered":"Kal\u0131p \u0130malat\u0131"},"content":{"rendered":"\t\t<div data-elementor-type=\"wp-page\" data-elementor-id=\"102\" class=\"elementor elementor-102\">\n\t\t\t\t\t\t<section class=\"elementor-section elementor-top-section elementor-element elementor-element-6918483e elementor-section-boxed elementor-section-height-default elementor-section-height-default\" data-id=\"6918483e\" data-element_type=\"section\">\n\t\t\t\t\t\t<div class=\"elementor-container elementor-column-gap-default\">\n\t\t\t\t\t<div class=\"elementor-column elementor-col-100 elementor-top-column elementor-element elementor-element-2f911638\" data-id=\"2f911638\" data-element_type=\"column\">\n\t\t\t<div class=\"elementor-widget-wrap elementor-element-populated\">\n\t\t\t\t\t\t<div class=\"elementor-element elementor-element-7fd71a0b elementor-widget elementor-widget-gallery_slider\" data-id=\"7fd71a0b\" data-element_type=\"widget\" data-widget_type=\"gallery_slider.default\">\n\t\t\t\t<div class=\"elementor-widget-container\">\n\t\t\t<div class=\"gallery-fs\"><figure><img decoding=\"async\" src=\"https:\/\/ozfer.com\/wp-content\/uploads\/2024\/02\/Kalip-1.jpg\" alt=\"\"><\/figure><div class=\"gallery-fs-nav\"><button class=\"gallery-fs-fullscreen\"><i class=\"fa fa-arrows-alt\"><\/i><\/button><\/div><div class=\"gallery-fs-thumbnails gallery-fs-thumbnails-col-5 owl-carousel owl-loaded\"><a href='https:\/\/ozfer.com\/wp-content\/uploads\/2024\/02\/Kalip-1.jpg' data-caption='Kal\u0131p-1' title='Kal\u0131p-1' class=\"selected\"><img class='attachment-anps-gallery-thumb size-anps-gallery-thumb' src=https:\/\/ozfer.com\/wp-content\/uploads\/2024\/02\/Kalip-1.jpg sizes='(max-width: 280px) 100vw, 280px' width='280' height='158'><\/a><a href='https:\/\/ozfer.com\/wp-content\/uploads\/2024\/02\/Kalip-2.jpg' data-caption='Kal\u0131p-2' title='Kal\u0131p-2'><img class='attachment-anps-gallery-thumb size-anps-gallery-thumb' src=https:\/\/ozfer.com\/wp-content\/uploads\/2024\/02\/Kalip-2.jpg sizes='(max-width: 280px) 100vw, 280px' width='280' height='158'><\/a><a href='https:\/\/ozfer.com\/wp-content\/uploads\/2024\/02\/Kalip-3.jpg' data-caption='Kal\u0131p-3' title='Kal\u0131p-3'><img class='attachment-anps-gallery-thumb size-anps-gallery-thumb' src=https:\/\/ozfer.com\/wp-content\/uploads\/2024\/02\/Kalip-3.jpg sizes='(max-width: 280px) 100vw, 280px' width='280' height='158'><\/a><a href='https:\/\/ozfer.com\/wp-content\/uploads\/2024\/02\/Kalip-4.jpg' data-caption='Kal\u0131p-4' title='Kal\u0131p-4'><img class='attachment-anps-gallery-thumb size-anps-gallery-thumb' src=https:\/\/ozfer.com\/wp-content\/uploads\/2024\/02\/Kalip-4.jpg sizes='(max-width: 280px) 100vw, 280px' width='280' height='158'><\/a><a href='https:\/\/ozfer.com\/wp-content\/uploads\/2024\/02\/Kalip-5.jpg' data-caption='Kal\u0131p-5' title='Kal\u0131p-5'><img class='attachment-anps-gallery-thumb size-anps-gallery-thumb' src=https:\/\/ozfer.com\/wp-content\/uploads\/2024\/02\/Kalip-5.jpg sizes='(max-width: 280px) 100vw, 280px' width='280' height='158'><\/a><a href='https:\/\/ozfer.com\/wp-content\/uploads\/2024\/02\/Kalip-6.jpg' data-caption='Kal\u0131p-6' title='Kal\u0131p-6'><img class='attachment-anps-gallery-thumb size-anps-gallery-thumb' src=https:\/\/ozfer.com\/wp-content\/uploads\/2024\/02\/Kalip-6.jpg sizes='(max-width: 280px) 100vw, 280px' width='280' height='158'><\/a><a href='https:\/\/ozfer.com\/wp-content\/uploads\/2024\/02\/Kalip-7.jpg' data-caption='Kal\u0131p-7' title='Kal\u0131p-7'><img class='attachment-anps-gallery-thumb size-anps-gallery-thumb' src=https:\/\/ozfer.com\/wp-content\/uploads\/2024\/02\/Kalip-7.jpg sizes='(max-width: 280px) 100vw, 280px' width='280' height='158'><\/a><\/div><\/div>\t\t<\/div>\n\t\t\t\t<\/div>\n\t\t\t\t\t<\/div>\n\t\t<\/div>\n\t\t\t\t\t<\/div>\n\t\t<\/section>\n\t\t\t\t<section class=\"elementor-section elementor-top-section elementor-element elementor-element-4de33672 elementor-section-boxed elementor-section-height-default elementor-section-height-default\" data-id=\"4de33672\" data-element_type=\"section\">\n\t\t\t\t\t\t<div class=\"elementor-container elementor-column-gap-default\">\n\t\t\t\t\t<div class=\"elementor-column elementor-col-100 elementor-top-column elementor-element elementor-element-4cc55352\" data-id=\"4cc55352\" data-element_type=\"column\">\n\t\t\t<div class=\"elementor-widget-wrap elementor-element-populated\">\n\t\t\t\t\t\t<div class=\"elementor-element elementor-element-73296a28 elementor-widget elementor-widget-heading\" data-id=\"73296a28\" data-element_type=\"widget\" data-widget_type=\"heading.default\">\n\t\t\t\t<div class=\"elementor-widget-container\">\n\t\t\t<h3 class='heading-left  divider-sm'  style=\"color:#000000\"><span>KALIP \u0130MALATI<\/span><\/h3>\t\t<\/div>\n\t\t\t\t<\/div>\n\t\t\t\t<div class=\"elementor-element elementor-element-39bbf1b7 elementor-widget elementor-widget-text-editor\" data-id=\"39bbf1b7\" data-element_type=\"widget\" data-widget_type=\"text-editor.default\">\n\t\t\t\t<div class=\"elementor-widget-container\">\n\t\t\t\t\t\t\t<p class=\"p1\"><i>Kurulu\u015fundan bu yana kal\u0131p tasar\u0131m\u0131 ve u\u0308retimi konusunda, u\u0308st du\u0308zey kal\u0131p projeleri&nbsp;<\/i><i style=\"color: var( --e-global-color-text ); font-family: var( --e-global-typography-text-font-family ), Sans-serif; font-weight: var( --e-global-typography-text-font-weight );\">ger\u00e7ekle\u015ftiren \u00d6ZFER, tasar\u0131m ve imalat su\u0308re\u00e7lerinin tu\u0308mu\u0308nden teknik dan\u0131\u015fman\u0131n\u0131z&nbsp;<\/i><i style=\"color: var( --e-global-color-text ); font-family: var( --e-global-typography-text-font-family ), Sans-serif; font-weight: var( --e-global-typography-text-font-weight );\">olarak sizlere detayl\u0131 tasar\u0131m ve u\u0308retim raporlamas\u0131 yaparak profesyonel bir hizmet&nbsp;<\/i><i style=\"color: var( --e-global-color-text ); font-family: var( --e-global-typography-text-font-family ), Sans-serif; font-weight: var( --e-global-typography-text-font-weight );\">sunar.<\/i><\/p>\t\t\t\t\t\t<\/div>\n\t\t\t\t<\/div>\n\t\t\t\t\t<\/div>\n\t\t<\/div>\n\t\t\t\t\t<\/div>\n\t\t<\/section>\n\t\t\t\t<\/div>\n\t\t","protected":false},"excerpt":{"rendered":"<p>KALIP \u0130MALATI Kurulu\u015fundan bu yana kal\u0131p tasar\u0131m\u0131 ve u\u0308retimi konusunda, u\u0308st du\u0308zey kal\u0131p projeleri&nbsp;ger\u00e7ekle\u015ftiren \u00d6ZFER, tasar\u0131m ve imalat su\u0308re\u00e7lerinin tu\u0308mu\u0308nden teknik dan\u0131\u015fman\u0131n\u0131z&nbsp;olarak sizlere detayl\u0131 tasar\u0131m ve u\u0308retim raporlamas\u0131 yaparak profesyonel bir hizmet&nbsp;sunar.<\/p>\n","protected":false},"author":1,"featured_media":0,"parent":0,"menu_order":0,"comment_status":"closed","ping_status":"closed","template":"","meta":{"footnotes":""},"class_list":["post-102","page","type-page","status-publish","hentry"],"_links":{"self":[{"href":"https:\/\/ozfer.com\/index.php?rest_route=\/wp\/v2\/pages\/102","targetHints":{"allow":["GET"]}}],"collection":[{"href":"https:\/\/ozfer.com\/index.php?rest_route=\/wp\/v2\/pages"}],"about":[{"href":"https:\/\/ozfer.com\/index.php?rest_route=\/wp\/v2\/types\/page"}],"author":[{"embeddable":true,"href":"https:\/\/ozfer.com\/index.php?rest_route=\/wp\/v2\/users\/1"}],"replies":[{"embeddable":true,"href":"https:\/\/ozfer.com\/index.php?rest_route=%2Fwp%2Fv2%2Fcomments&post=102"}],"version-history":[{"count":4,"href":"https:\/\/ozfer.com\/index.php?rest_route=\/wp\/v2\/pages\/102\/revisions"}],"predecessor-version":[{"id":677,"href":"https:\/\/ozfer.com\/index.php?rest_route=\/wp\/v2\/pages\/102\/revisions\/677"}],"wp:attachment":[{"href":"https:\/\/ozfer.com\/index.php?rest_route=%2Fwp%2Fv2%2Fmedia&parent=102"}],"curies":[{"name":"wp","href":"https:\/\/api.w.org\/{rel}","templated":true}]}}