{"id":106,"date":"2020-03-16T13:08:57","date_gmt":"2020-03-16T13:08:57","guid":{"rendered":"http:\/\/localhost\/epb_industrial_demos\/2\/?page_id=106"},"modified":"2024-02-13T15:53:41","modified_gmt":"2024-02-13T12:53:41","slug":"talasli-imalat","status":"publish","type":"page","link":"https:\/\/ozfer.com\/?page_id=106","title":{"rendered":"Tala\u015fl\u0131 \u0130malat"},"content":{"rendered":"\t\t<div data-elementor-type=\"wp-page\" data-elementor-id=\"106\" class=\"elementor elementor-106\">\n\t\t\t\t\t\t<section class=\"elementor-section elementor-top-section elementor-element elementor-element-7fe269c4 elementor-section-boxed elementor-section-height-default elementor-section-height-default\" data-id=\"7fe269c4\" data-element_type=\"section\">\n\t\t\t\t\t\t<div class=\"elementor-container elementor-column-gap-default\">\n\t\t\t\t\t<div class=\"elementor-column elementor-col-100 elementor-top-column elementor-element elementor-element-24c24111\" data-id=\"24c24111\" data-element_type=\"column\">\n\t\t\t<div class=\"elementor-widget-wrap elementor-element-populated\">\n\t\t\t\t\t\t<div class=\"elementor-element elementor-element-3ebc7329 elementor-widget elementor-widget-gallery_slider\" data-id=\"3ebc7329\" data-element_type=\"widget\" data-widget_type=\"gallery_slider.default\">\n\t\t\t\t<div class=\"elementor-widget-container\">\n\t\t\t<div class=\"gallery-fs\"><figure><img decoding=\"async\" src=\"https:\/\/ozfer.com\/wp-content\/uploads\/2024\/02\/Talasli-Imalat-1.jpg\" alt=\"\"><\/figure><div class=\"gallery-fs-nav\"><button class=\"gallery-fs-fullscreen\"><i class=\"fa fa-arrows-alt\"><\/i><\/button><\/div><div class=\"gallery-fs-thumbnails gallery-fs-thumbnails-col-5 owl-carousel owl-loaded\"><a href='https:\/\/ozfer.com\/wp-content\/uploads\/2024\/02\/Talasli-Imalat-1.jpg' data-caption='Talas\u0327l\u0131 I\u0307malat-1' title='Talas\u0327l\u0131 I\u0307malat-1' class=\"selected\"><img class='attachment-anps-gallery-thumb size-anps-gallery-thumb' src=https:\/\/ozfer.com\/wp-content\/uploads\/2024\/02\/Talasli-Imalat-1.jpg sizes='(max-width: 280px) 100vw, 280px' width='280' height='158'><\/a><a href='https:\/\/ozfer.com\/wp-content\/uploads\/2024\/02\/Talasli-Imalat-2.jpg' data-caption='Talas\u0327l\u0131 I\u0307malat-2' title='Talas\u0327l\u0131 I\u0307malat-2'><img class='attachment-anps-gallery-thumb size-anps-gallery-thumb' src=https:\/\/ozfer.com\/wp-content\/uploads\/2024\/02\/Talasli-Imalat-2.jpg sizes='(max-width: 280px) 100vw, 280px' width='280' height='158'><\/a><a href='https:\/\/ozfer.com\/wp-content\/uploads\/2024\/02\/Talasli-Imalat-3.jpg' data-caption='Talas\u0327l\u0131 I\u0307malat-3' title='Talas\u0327l\u0131 I\u0307malat-3'><img class='attachment-anps-gallery-thumb size-anps-gallery-thumb' src=https:\/\/ozfer.com\/wp-content\/uploads\/2024\/02\/Talasli-Imalat-3.jpg sizes='(max-width: 280px) 100vw, 280px' width='280' height='158'><\/a><\/div><\/div>\t\t<\/div>\n\t\t\t\t<\/div>\n\t\t\t\t\t<\/div>\n\t\t<\/div>\n\t\t\t\t\t<\/div>\n\t\t<\/section>\n\t\t\t\t<section class=\"elementor-section elementor-top-section elementor-element elementor-element-6aac5700 elementor-section-boxed elementor-section-height-default elementor-section-height-default\" data-id=\"6aac5700\" data-element_type=\"section\">\n\t\t\t\t\t\t<div class=\"elementor-container elementor-column-gap-default\">\n\t\t\t\t\t<div class=\"elementor-column elementor-col-100 elementor-top-column elementor-element elementor-element-392cf9b2\" data-id=\"392cf9b2\" data-element_type=\"column\">\n\t\t\t<div class=\"elementor-widget-wrap elementor-element-populated\">\n\t\t\t\t\t\t<div class=\"elementor-element elementor-element-65f22a67 elementor-widget elementor-widget-heading\" data-id=\"65f22a67\" data-element_type=\"widget\" data-widget_type=\"heading.default\">\n\t\t\t\t<div class=\"elementor-widget-container\">\n\t\t\t<h3 class='heading-left  divider-sm'  style=\"color:#000000\"><span>TALA\u015eLI \u0130MALAT<\/span><\/h3>\t\t<\/div>\n\t\t\t\t<\/div>\n\t\t\t\t<div class=\"elementor-element elementor-element-1f6e7ef3 elementor-widget elementor-widget-text-editor\" data-id=\"1f6e7ef3\" data-element_type=\"widget\" data-widget_type=\"text-editor.default\">\n\t\t\t\t<div class=\"elementor-widget-container\">\n\t\t\t\t\t\t\t<p class=\"p1\"><i>\u00d6ZFER d\u00f6ku\u0308m u\u0308retimini ger\u00e7ekle\u015ftirdi\u011fi par\u00e7alarda, mu\u0308\u015fteri talebi do\u011frultusunda hem\u00a0<\/i><i style=\"color: var( --e-global-color-text ); font-family: var( --e-global-typography-text-font-family ), Sans-serif; font-weight: var( --e-global-typography-text-font-weight );\">i\u015flemeli hem ham par\u00e7a se\u00e7ene\u011fi sunmaktad\u0131r. Par\u00e7alar\u0131n d\u00f6ku\u0308m sonras\u0131 CNC i\u015fleme ve\u00a0<\/i><i style=\"color: var( --e-global-color-text ); font-family: var( --e-global-typography-text-font-family ), Sans-serif; font-weight: var( --e-global-typography-text-font-weight );\">yu\u0308zey i\u015flemlerini kendi bu\u0308nyesinde bulunan makine parkurunda hassas \u00f6l\u00e7u\u0308 ve kalitede\u00a0<\/i><i style=\"color: var( --e-global-color-text ); font-family: var( --e-global-typography-text-font-family ), Sans-serif; font-weight: var( --e-global-typography-text-font-weight );\">i\u015fleme yaparak mu\u0308\u015fteri taleplerine cevap vermektedir.<\/i><\/p>\t\t\t\t\t\t<\/div>\n\t\t\t\t<\/div>\n\t\t\t\t\t<\/div>\n\t\t<\/div>\n\t\t\t\t\t<\/div>\n\t\t<\/section>\n\t\t\t\t<\/div>\n\t\t","protected":false},"excerpt":{"rendered":"<p>TALA\u015eLI \u0130MALAT \u00d6ZFER d\u00f6ku\u0308m u\u0308retimini ger\u00e7ekle\u015ftirdi\u011fi par\u00e7alarda, mu\u0308\u015fteri talebi do\u011frultusunda hem\u00a0i\u015flemeli hem ham par\u00e7a se\u00e7ene\u011fi sunmaktad\u0131r. Par\u00e7alar\u0131n d\u00f6ku\u0308m sonras\u0131 CNC i\u015fleme ve\u00a0yu\u0308zey i\u015flemlerini kendi bu\u0308nyesinde bulunan makine parkurunda hassas \u00f6l\u00e7u\u0308 ve kalitede\u00a0i\u015fleme yaparak mu\u0308\u015fteri taleplerine cevap vermektedir.<\/p>\n","protected":false},"author":1,"featured_media":0,"parent":0,"menu_order":0,"comment_status":"closed","ping_status":"closed","template":"","meta":{"footnotes":""},"class_list":["post-106","page","type-page","status-publish","hentry"],"_links":{"self":[{"href":"https:\/\/ozfer.com\/index.php?rest_route=\/wp\/v2\/pages\/106","targetHints":{"allow":["GET"]}}],"collection":[{"href":"https:\/\/ozfer.com\/index.php?rest_route=\/wp\/v2\/pages"}],"about":[{"href":"https:\/\/ozfer.com\/index.php?rest_route=\/wp\/v2\/types\/page"}],"author":[{"embeddable":true,"href":"https:\/\/ozfer.com\/index.php?rest_route=\/wp\/v2\/users\/1"}],"replies":[{"embeddable":true,"href":"https:\/\/ozfer.com\/index.php?rest_route=%2Fwp%2Fv2%2Fcomments&post=106"}],"version-history":[{"count":7,"href":"https:\/\/ozfer.com\/index.php?rest_route=\/wp\/v2\/pages\/106\/revisions"}],"predecessor-version":[{"id":686,"href":"https:\/\/ozfer.com\/index.php?rest_route=\/wp\/v2\/pages\/106\/revisions\/686"}],"wp:attachment":[{"href":"https:\/\/ozfer.com\/index.php?rest_route=%2Fwp%2Fv2%2Fmedia&parent=106"}],"curies":[{"name":"wp","href":"https:\/\/api.w.org\/{rel}","templated":true}]}}