{"id":94,"date":"2020-03-16T13:04:08","date_gmt":"2020-03-16T13:04:08","guid":{"rendered":"http:\/\/localhost\/epb_industrial_demos\/2\/?page_id=94"},"modified":"2025-10-11T19:10:48","modified_gmt":"2025-10-11T16:10:48","slug":"hakkimizda","status":"publish","type":"page","link":"https:\/\/ozfer.com\/?page_id=94","title":{"rendered":"Hakk\u0131m\u0131zda"},"content":{"rendered":"\t\t<div data-elementor-type=\"wp-page\" data-elementor-id=\"94\" class=\"elementor elementor-94\">\n\t\t\t\t\t\t<section class=\"elementor-section elementor-top-section elementor-element elementor-element-d4735f3 elementor-section-boxed elementor-section-height-default elementor-section-height-default\" data-id=\"d4735f3\" data-element_type=\"section\">\n\t\t\t\t\t\t<div class=\"elementor-container elementor-column-gap-default\">\n\t\t\t\t\t<div class=\"elementor-column elementor-col-50 elementor-top-column elementor-element elementor-element-b46ca0a\" data-id=\"b46ca0a\" data-element_type=\"column\">\n\t\t\t<div class=\"elementor-widget-wrap elementor-element-populated\">\n\t\t\t\t\t\t<div class=\"elementor-element elementor-element-d817781 elementor-widget elementor-widget-heading\" data-id=\"d817781\" data-element_type=\"widget\" data-widget_type=\"heading.default\">\n\t\t\t\t<div class=\"elementor-widget-container\">\n\t\t\t<h3 class='heading-left  divider-modern'  style=\"color:#000000\"><span><em class=\"heading-subtitle\">\u015eirketimiz<\/em>B\u0130Z\u0130M HAKKIMIZDA<\/span><\/h3>\t\t<\/div>\n\t\t\t\t<\/div>\n\t\t\t\t<div class=\"elementor-element elementor-element-2e39c59 elementor-widget elementor-widget-text-editor\" data-id=\"2e39c59\" data-element_type=\"widget\" data-widget_type=\"text-editor.default\">\n\t\t\t\t<div class=\"elementor-widget-container\">\n\t\t\t\t\t\t\t<p><em>1979 y\u0131l\u0131nda kurulan ve kum d\u00f6k\u00fcm ile \u00fcretimine ba\u015flayan firmam\u0131z 1980 y\u0131l\u0131nda enjeksiyon d\u00f6k\u00fcme y\u00f6nelmi\u015ftir. 1995 y\u0131l\u0131ndan bu yana <strong>\u00d6ZFER D\u00d6K\u00dcM San. Tic. Ltd. \u015eti.<\/strong>\u00a0olarak d\u00f6k\u00fcm sekt\u00f6r\u00fcnde kalite ve \u00e7a\u011fda\u015f teknolojiyi esas alarak hizmetlerine devam etmektedir.\u00a0<\/em><\/p><p>Ayn\u0131 y\u0131l kendi b\u00fcnyesine dahil etti\u011fi kal\u0131p imalat ve bak\u0131m at\u00f6lyesi ile de imalat\u0131n\u0131n kalite ve zaman\u0131nda teslim ilkelerini desteklemesi sa\u011flanm\u0131\u015ft\u0131r.<br \/><br \/>2005 y\u0131l\u0131nda NOSAB&#8217; daki fabrikas\u0131na ta\u015f\u0131nm\u0131\u015ft\u0131r. 2600 m2 kapal\u0131 alan\u0131 olan fabrikada \u00e7a\u011f\u0131n gereklerine uygun donan\u0131m ve te\u00e7hizatla \u00fcretim yapmaktad\u0131r.<br \/><br \/>Firmam\u0131z ba\u015fta otomotiv olmak \u00fczere\u00a0<strong>ziraat, makina, elektrik ve mutfak<\/strong>\u00a0gibi sekt\u00f6rlerde faaliyet g\u00f6stermektedir. Al\u00fcminyum a\u015f\u0131mlar\u0131 ve zamak enjeksiyon d\u00f6k\u00fcm\u00fc yapan firmam\u0131zda ayr\u0131ca kal\u0131p bak\u0131m b\u00f6l\u00fcm\u00fcnde d\u00f6k\u00fcm sonras\u0131 kal\u0131plar\u0131n bak\u0131m\u0131 yap\u0131lmaktad\u0131r.<\/p><p>B\u00fcnyemizde bulunan kal\u0131p imalat at\u00f6lyemizde kal\u0131p imalat\u0131 yaparak \u00fcr\u00fcn kalitesini artt\u0131rma \u00e7abas\u0131 i\u00e7erisinde faaliyet g\u00f6stermektedir.<\/p>\t\t\t\t\t\t<\/div>\n\t\t\t\t<\/div>\n\t\t\t\t\t<\/div>\n\t\t<\/div>\n\t\t\t\t<div class=\"elementor-column elementor-col-50 elementor-top-column elementor-element elementor-element-6606ae0\" data-id=\"6606ae0\" data-element_type=\"column\">\n\t\t\t<div class=\"elementor-widget-wrap elementor-element-populated\">\n\t\t\t\t\t\t<div class=\"elementor-element elementor-element-6fd0c6d elementor-widget elementor-widget-spacer\" data-id=\"6fd0c6d\" data-element_type=\"widget\" data-widget_type=\"spacer.default\">\n\t\t\t\t<div class=\"elementor-widget-container\">\n\t\t\t\t\t<div class=\"elementor-spacer\">\n\t\t\t<div class=\"elementor-spacer-inner\"><\/div>\n\t\t<\/div>\n\t\t\t\t<\/div>\n\t\t\t\t<\/div>\n\t\t\t\t<div class=\"elementor-element elementor-element-6f7810d elementor-widget elementor-widget-image\" data-id=\"6f7810d\" data-element_type=\"widget\" data-widget_type=\"image.default\">\n\t\t\t\t<div class=\"elementor-widget-container\">\n\t\t\t\t\t\t\t\t\t\t\t\t\t<img fetchpriority=\"high\" decoding=\"async\" width=\"722\" height=\"368\" src=\"https:\/\/ozfer.com\/wp-content\/uploads\/2024\/02\/dokum1.jpg\" class=\"attachment-large size-large wp-image-614\" alt=\"\" srcset=\"https:\/\/ozfer.com\/wp-content\/uploads\/2024\/02\/dokum1.jpg 722w, https:\/\/ozfer.com\/wp-content\/uploads\/2024\/02\/dokum1-300x153.jpg 300w\" sizes=\"(max-width: 722px) 100vw, 722px\" \/>\t\t\t\t\t\t\t\t\t\t\t\t\t<\/div>\n\t\t\t\t<\/div>\n\t\t\t\t\t<\/div>\n\t\t<\/div>\n\t\t\t\t\t<\/div>\n\t\t<\/section>\n\t\t\t\t<section class=\"elementor-section elementor-top-section elementor-element elementor-element-1eee019 elementor-section-boxed elementor-section-height-default elementor-section-height-default\" data-id=\"1eee019\" data-element_type=\"section\">\n\t\t\t\t\t\t<div class=\"elementor-container elementor-column-gap-default\">\n\t\t\t\t\t<div class=\"elementor-column elementor-col-100 elementor-top-column elementor-element elementor-element-7d5c711\" data-id=\"7d5c711\" data-element_type=\"column\">\n\t\t\t<div class=\"elementor-widget-wrap elementor-element-populated\">\n\t\t\t\t\t\t<div class=\"elementor-element elementor-element-6c72cc1 elementor-widget elementor-widget-heading\" data-id=\"6c72cc1\" data-element_type=\"widget\" data-widget_type=\"heading.default\">\n\t\t\t\t<div class=\"elementor-widget-container\">\n\t\t\t<h3 class='heading-left  divider-modern'  style=\"color:#000000\"><span><em class=\"heading-subtitle\">Ba\u015flang\u0131\u00e7lar<\/em>\u015e\u0130RKET TAR\u0130H\u00c7ES\u0130<\/span><\/h3>\t\t<\/div>\n\t\t\t\t<\/div>\n\t\t\t\t<div class=\"elementor-element elementor-element-674c835 elementor-widget elementor-widget-timeline\" data-id=\"674c835\" data-element_type=\"widget\" data-widget_type=\"timeline.default\">\n\t\t\t\t<div class=\"elementor-widget-container\">\n\t\t\t<div class='timeline'><div class=\"timeline-item\"><div class=\"timeline-year\">1979<\/div><div class=\"timeline-content\"><h3 class=\"timeline-title\">\u00d6ZFER D\u00d6K\u00dcM FAALIYETE BASLADI<\/h3><div class=\"timeline-text\">COMPANY ESTABLISHED<\/div><\/div><\/div><div class=\"timeline-item\"><div class=\"timeline-year\">1986<\/div><div class=\"timeline-content\"><h3 class=\"timeline-title\">ANA SANAYILERIN DIREKT TEDARIK\u00c7ISI OLUNDU<\/h3><div class=\"timeline-text\">BECOME THE DIRECT SUPPLIER TO MAIN\nINDUSTRIES<\/div><\/div><\/div><div class=\"timeline-item\"><div class=\"timeline-year\">1995<\/div><div class=\"timeline-content\"><h3 class=\"timeline-title\">KALIP \u00dcRETIM HATTI FAALIYETE BASLADI<\/h3><div class=\"timeline-text\">MOULD PRODUCTION LINE IS STARTED<\/div><\/div><\/div><div class=\"timeline-item\"><div class=\"timeline-year\">2000<\/div><div class=\"timeline-content\"><h3 class=\"timeline-title\">AVRUPA \u00dcLKELERINE IHRACATA BASLANDI<\/h3><div class=\"timeline-text\">STARTED EU EXPORT PROCESSES<\/div><\/div><\/div><div class=\"timeline-item\"><div class=\"timeline-year\">2010<\/div><div class=\"timeline-content\"><h3 class=\"timeline-title\">\u00dcRETIM HATTIMIZ TAM OTOMOTIK ROBOT SISTEMI ILE FAALIYETE BASLADI\/ TS 16949 SER<\/h3><div class=\"timeline-text\">STARTED TO PRODUCE WITH FULL\nAUTOMATIC ROBOT LINES \/ TS 16949 CERTIFICATED<\/div><\/div><\/div><div class=\"timeline-item\"><div class=\"timeline-year\">2012<\/div><div class=\"timeline-content\"><h3 class=\"timeline-title\">CNC ISLEME HATTI KURULDU<\/h3><div class=\"timeline-text\">CNC MACHINING LINE IS ESTABLISHED<\/div><\/div><\/div><div class=\"timeline-item\"><div class=\"timeline-year\">2018<\/div><div class=\"timeline-content\"><h3 class=\"timeline-title\">IATF 16949 SERTIFIKASI ALINDI<\/h3><div class=\"timeline-text\">IATF 16949 CERTIFICATED<\/div><\/div><\/div><div class=\"timeline-item\"><div class=\"timeline-year\">2019<\/div><div class=\"timeline-content\"><h3 class=\"timeline-title\">750 TON TAM OTOMATIK ENJEKSIYON MAKINASI FAALIYETE GE\u00c7TI<\/h3><div class=\"timeline-text\">750 TONS FULL AUTOMATIC INJECTION\nMACHINE IS STARTED<\/div><\/div><\/div><div class=\"timeline-item\"><div class=\"timeline-year\">2019<\/div><div class=\"timeline-content\"><h3 class=\"timeline-title\">AMERIKA KITASINA \u00dcR\u00dcN IHRACATINA BASLANDI<\/h3><div class=\"timeline-text\">EXPORT PROCESSES TO AMERICA CONTINENT\nIS STARTED<\/div><\/div><\/div><div class=\"timeline-item\"><div class=\"timeline-year\">2021<\/div><div class=\"timeline-content\"><h3 class=\"timeline-title\">END\u00dcSTRI 4.0 ILE \u00dcRETIM \u00c7ALISMALARINA BASLANDI<\/h3><div class=\"timeline-text\">STARTED TO PRODUCE WITH INDUSTRY 4.0<\/div><\/div><\/div><\/div>\t\t<\/div>\n\t\t\t\t<\/div>\n\t\t\t\t\t<\/div>\n\t\t<\/div>\n\t\t\t\t\t<\/div>\n\t\t<\/section>\n\t\t\t\t<section class=\"elementor-section elementor-top-section elementor-element elementor-element-179ee7e elementor-section-boxed elementor-section-height-default elementor-section-height-default\" data-id=\"179ee7e\" data-element_type=\"section\">\n\t\t\t\t\t\t<div class=\"elementor-container elementor-column-gap-default\">\n\t\t\t\t\t<div class=\"elementor-column elementor-col-100 elementor-top-column elementor-element elementor-element-9afc46d\" data-id=\"9afc46d\" data-element_type=\"column\">\n\t\t\t<div class=\"elementor-widget-wrap elementor-element-populated\">\n\t\t\t\t\t\t<div class=\"elementor-element elementor-element-96ad2e3 elementor-widget elementor-widget-heading\" data-id=\"96ad2e3\" data-element_type=\"widget\" data-widget_type=\"heading.default\">\n\t\t\t\t<div class=\"elementor-widget-container\">\n\t\t\t<h3 class='heading-left  divider-modern'  style=\"color:#000000\"><span><em class=\"heading-subtitle\">\u015eirketimiz<\/em>KAL\u0130TE POL\u0130T\u0130KASI  <\/span><\/h3>\t\t<\/div>\n\t\t\t\t<\/div>\n\t\t\t\t<div class=\"elementor-element elementor-element-759174f elementor-widget elementor-widget-text-editor\" data-id=\"759174f\" data-element_type=\"widget\" data-widget_type=\"text-editor.default\">\n\t\t\t\t<div class=\"elementor-widget-container\">\n\t\t\t\t\t\t\t<p><em><strong>Al\u00fcminyum Ala\u015f\u0131mlar\u0131 Enjeksiyon D\u00f6k\u00fcm, Kal\u0131p \u0130malat\u0131 \u00a0yapan \u00a0firmam\u0131z\u0131n \u00a0KAL\u0130TE \u00a0POL\u0130T\u0130KASI;\u00a0<\/strong><\/em><\/p><p><strong>\u0130LG\u0130L\u0130 TARAFLARIN MEMNUN\u0130YET\u0130<\/strong><\/p><p>\u0130lgili i\u00e7 ve d\u0131\u015f taraflar\u0131n uygulanabilir beklentilerini tan\u0131mlamak ve beklentilerine y\u00f6nelik faaliyetleri uygulamak.\u00a0<\/p><p><br \/><strong>\u00c7ALI\u015eANLARIN KATILIMI<\/strong><\/p><p>\u00c7al\u0131\u015fanlar\u0131m\u0131z\u0131n e\u011fitimlerini s\u00fcrekli k\u0131larak i\u015f kalitesini artt\u0131rmak, \u00f6nerilerinden yararlanarak geli\u015fme katk\u0131da bulunmalar\u0131n\u0131 sa\u011flamak, motivasyonunu iyile\u015ftirerek i\u015f verimini y\u00fckseltmek.\u00a0<br \/>\u00a0<br \/><strong>S\u00dcREKL\u0130 \u0130Y\u0130LE\u015eT\u0130RMEK \u00a0<\/strong><\/p><p>T\u00fcm hedefleri s\u00fcrekli iyile\u015ftirme \u00e7er\u00e7evesinde belirlemek ve takip etmek, \u00a0 Proses yakla\u015f\u0131m\u0131n\u0131 yerle\u015ftirecek s\u00fcrekli geli\u015fimi kal\u0131c\u0131 k\u0131lmak,\u00a0<br \/>\u00a0<br \/><strong>TEDAR\u0130K\u00c7\u0130LER\u0130N GEL\u0130\u015eT\u0130R\u0130LMES\u0130<\/strong><\/p><p>\u00dcr\u00fcn kalitesini etkileyen girdiler temin eden tedarik\u00e7ilerimizi denetim uygulayarak performans gidi\u015fat\u0131n\u0131 izleyerek geli\u015ftirmek ve gerekli deste\u011fi vermek. \u00a0<br \/>\u00a0<br \/><strong>\u00c7EVREYE DUYARLILIK<\/strong><\/p><p>Enerji ve do\u011fal kaynaklar\u0131n t\u00fckenebilir oldu\u011funu g\u00f6z \u00f6n\u00fcnde bulundurarak \u00e7evresel etkileri belirlemek ve gerekli \u00f6nlemleri almak. \u00a0 \u00a0<\/p><p><strong>\u00d6ZFER D\u00d6K\u00dcM \u00a0OLARAK B\u0130ZLER, YUKARIDA BEL\u0130RT\u0130LEN \u0130LKELER I\u015eI\u011eINDA H\u0130ZMETLER\u0130M\u0130Z\u0130 YER\u0130NE GET\u0130RMEY\u0130 \u00a0TAAHH\u00dcT EDER\u0130Z.\u00a0<\/strong><\/p>\t\t\t\t\t\t<\/div>\n\t\t\t\t<\/div>\n\t\t\t\t<div class=\"elementor-element elementor-element-318b0c7 elementor-widget elementor-widget-heading\" data-id=\"318b0c7\" data-element_type=\"widget\" data-widget_type=\"heading.default\">\n\t\t\t\t<div class=\"elementor-widget-container\">\n\t\t\t<h3 class='heading-left  divider-modern'  style=\"color:#000000\"><span><em class=\"heading-subtitle\">\u015eirketimiz<\/em>D\u00d6K\u00dcM LABORATUVARIMIZ<\/span><\/h3>\t\t<\/div>\n\t\t\t\t<\/div>\n\t\t\t\t<div class=\"elementor-element elementor-element-879079a elementor-widget elementor-widget-text-editor\" data-id=\"879079a\" data-element_type=\"widget\" data-widget_type=\"text-editor.default\">\n\t\t\t\t<div class=\"elementor-widget-container\">\n\t\t\t\t\t\t\t<p>D\u00f6k\u00fcm laboratuvar\u0131m\u0131zda dayan\u0131m \u00f6zellikleri iyi, hem narin, hem de sa\u011flam yap\u0131daki par\u00e7alar\u0131n \u00fcretimi yap\u0131lmaktad\u0131r. M\u00fc\u015fterilerimize sundu\u011fumuz istenilen miktarda prototip olarak \u00fcretilir ve \u00e7al\u0131\u015fma ko\u015fullar\u0131 et\u00fct edilir. Yeterlilik testlerine tabi tutulan par\u00e7alar m\u00fc\u015fterinin istedi\u011fi say\u0131da \u00fcretilip teslimi ger\u00e7ekle\u015ftirilir.<\/p><p>\u00dcretilecek par\u00e7alarda eksik-hasar tespiti yap\u0131l\u0131r ve incelenir.\u00a0 Fiziksel ve kimyasal y\u00f6nden yap\u0131lan ara\u015ft\u0131rmalar\u0131n d\u0131\u015f\u0131nda malzemelerin u\u011frad\u0131\u011f\u0131 de\u011fi\u015fimleri belirlemek i\u00e7in yap\u0131lan karakterizasyon \u00e7al\u0131\u015fmalar\u0131, \u00fcretim metodunun do\u011frulanmas\u0131 konusunda do\u011fru bilgiyi sa\u011flar.\u00a0 Orijinal par\u00e7adan yola \u00e7\u0131karak \u00f6l\u00fclendirme i\u015flem \u00fc\u00e7 boyutlu olarak ger\u00e7ekle\u015ftirilir.\u00a0Elde edilen datalar \u00f6n incelemede belirlenen \u00fcretim y\u00f6ntemine g\u00f6re modellenir ve \u00fcretim a\u015famas\u0131na ge\u00e7ilir.<\/p><p>D\u00f6k\u00fcmden \u00e7\u0131kan par\u00e7alar eldeki datalar ve orijinal par\u00e7a ile boyutsal a\u00e7\u0131dan k\u0131yaslan\u0131r. Ayn\u0131 zamanda mekanik \u00f6zellikleri incelenen d\u00f6k\u00fcm par\u00e7alardan testleri ge\u00e7enler son \u00f6l\u00e7\u00fcye i\u015flenir.<\/p><p>Laboratuvar olarak sadece par\u00e7alar\u0131n \u00fcretimi de\u011fil, \u00fcretim sonras\u0131 yerinde kullan\u0131m\u0131n\u0131n takip edilmesi de \u00f6nemlidir. \u00dcretim sonras\u0131 kullan\u0131ld\u0131klar\u0131 yerde incelemeler devam ederek, par\u00e7an\u0131n izlemesi tamamlan\u0131r ve m\u00fc\u015fteri memnuniyeti sa\u011flan\u0131r.<\/p>\t\t\t\t\t\t<\/div>\n\t\t\t\t<\/div>\n\t\t\t\t\t<\/div>\n\t\t<\/div>\n\t\t\t\t\t<\/div>\n\t\t<\/section>\n\t\t<div class=\"elementor-element elementor-element-3873bc5 e-flex e-con-boxed e-con e-parent\" data-id=\"3873bc5\" data-element_type=\"container\">\n\t\t\t\t\t<div class=\"e-con-inner\">\n\t\t\t\t<div class=\"elementor-element elementor-element-dd80b20 elementor-widget elementor-widget-image-gallery\" data-id=\"dd80b20\" data-element_type=\"widget\" data-widget_type=\"image-gallery.default\">\n\t\t\t\t<div class=\"elementor-widget-container\">\n\t\t\t\t\t<div class=\"elementor-image-gallery\">\n\t\t\t\n\t\t<style type=\"text\/css\">\n\t\t\t#gallery-1 {\n\t\t\t\tmargin: auto;\n\t\t\t}\n\t\t\t#gallery-1 .gallery-item {\n\t\t\t\tfloat: left;\n\t\t\t\tmargin-top: 10px;\n\t\t\t\ttext-align: center;\n\t\t\t\twidth: 25%;\n\t\t\t}\n\t\t\t#gallery-1 img {\n\t\t\t\tborder: 2px solid #cfcfcf;\n\t\t\t}\n\t\t\t#gallery-1 .gallery-caption {\n\t\t\t\tmargin-left: 0;\n\t\t\t}\n\t\t\t\/* see gallery_shortcode() in wp-includes\/media.php *\/\n\t\t<\/style>\n\t\t<div id='gallery-1' class='gallery galleryid-94 gallery-columns-4 gallery-size-full'><dl class='gallery-item'>\n\t\t\t<dt class='gallery-icon landscape'>\n\t\t\t\t<a data-elementor-open-lightbox=\"yes\" data-elementor-lightbox-slideshow=\"dd80b20\" data-elementor-lightbox-title=\"Laboratuar-1\" data-e-action-hash=\"#elementor-action%3Aaction%3Dlightbox%26settings%3DeyJpZCI6ODIxLCJ1cmwiOiJodHRwczpcL1wvb3pmZXIuY29tXC93cC1jb250ZW50XC91cGxvYWRzXC8yMDI0XC8wMlwvTGFib3JhdHVhci0xLTEuanBnIiwic2xpZGVzaG93IjoiZGQ4MGIyMCJ9\" href='https:\/\/ozfer.com\/wp-content\/uploads\/2024\/02\/Laboratuar-1-1.jpg'><img decoding=\"async\" width=\"722\" height=\"368\" src=\"https:\/\/ozfer.com\/wp-content\/uploads\/2024\/02\/Laboratuar-1-1.jpg\" class=\"attachment-full size-full\" alt=\"\" srcset=\"https:\/\/ozfer.com\/wp-content\/uploads\/2024\/02\/Laboratuar-1-1.jpg 722w, https:\/\/ozfer.com\/wp-content\/uploads\/2024\/02\/Laboratuar-1-1-300x153.jpg 300w\" sizes=\"(max-width: 722px) 100vw, 722px\" \/><\/a>\n\t\t\t<\/dt><\/dl><dl class='gallery-item'>\n\t\t\t<dt class='gallery-icon landscape'>\n\t\t\t\t<a data-elementor-open-lightbox=\"yes\" data-elementor-lightbox-slideshow=\"dd80b20\" data-elementor-lightbox-title=\"Laboratuar-2\" data-e-action-hash=\"#elementor-action%3Aaction%3Dlightbox%26settings%3DeyJpZCI6ODIyLCJ1cmwiOiJodHRwczpcL1wvb3pmZXIuY29tXC93cC1jb250ZW50XC91cGxvYWRzXC8yMDI0XC8wMlwvTGFib3JhdHVhci0yLmpwZyIsInNsaWRlc2hvdyI6ImRkODBiMjAifQ%3D%3D\" href='https:\/\/ozfer.com\/wp-content\/uploads\/2024\/02\/Laboratuar-2.jpg'><img decoding=\"async\" width=\"722\" height=\"368\" src=\"https:\/\/ozfer.com\/wp-content\/uploads\/2024\/02\/Laboratuar-2.jpg\" class=\"attachment-full size-full\" alt=\"\" srcset=\"https:\/\/ozfer.com\/wp-content\/uploads\/2024\/02\/Laboratuar-2.jpg 722w, https:\/\/ozfer.com\/wp-content\/uploads\/2024\/02\/Laboratuar-2-300x153.jpg 300w\" sizes=\"(max-width: 722px) 100vw, 722px\" \/><\/a>\n\t\t\t<\/dt><\/dl><dl class='gallery-item'>\n\t\t\t<dt class='gallery-icon landscape'>\n\t\t\t\t<a data-elementor-open-lightbox=\"yes\" data-elementor-lightbox-slideshow=\"dd80b20\" data-elementor-lightbox-title=\"Laboratuar-3\" data-e-action-hash=\"#elementor-action%3Aaction%3Dlightbox%26settings%3DeyJpZCI6ODIzLCJ1cmwiOiJodHRwczpcL1wvb3pmZXIuY29tXC93cC1jb250ZW50XC91cGxvYWRzXC8yMDI0XC8wMlwvTGFib3JhdHVhci0zLmpwZyIsInNsaWRlc2hvdyI6ImRkODBiMjAifQ%3D%3D\" href='https:\/\/ozfer.com\/wp-content\/uploads\/2024\/02\/Laboratuar-3.jpg'><img loading=\"lazy\" decoding=\"async\" width=\"722\" height=\"368\" src=\"https:\/\/ozfer.com\/wp-content\/uploads\/2024\/02\/Laboratuar-3.jpg\" class=\"attachment-full size-full\" alt=\"\" srcset=\"https:\/\/ozfer.com\/wp-content\/uploads\/2024\/02\/Laboratuar-3.jpg 722w, https:\/\/ozfer.com\/wp-content\/uploads\/2024\/02\/Laboratuar-3-300x153.jpg 300w\" sizes=\"(max-width: 722px) 100vw, 722px\" \/><\/a>\n\t\t\t<\/dt><\/dl><dl class='gallery-item'>\n\t\t\t<dt class='gallery-icon landscape'>\n\t\t\t\t<a data-elementor-open-lightbox=\"yes\" data-elementor-lightbox-slideshow=\"dd80b20\" data-elementor-lightbox-title=\"Laboratuar-4\" data-e-action-hash=\"#elementor-action%3Aaction%3Dlightbox%26settings%3DeyJpZCI6ODI0LCJ1cmwiOiJodHRwczpcL1wvb3pmZXIuY29tXC93cC1jb250ZW50XC91cGxvYWRzXC8yMDI0XC8wMlwvTGFib3JhdHVhci00LmpwZyIsInNsaWRlc2hvdyI6ImRkODBiMjAifQ%3D%3D\" href='https:\/\/ozfer.com\/wp-content\/uploads\/2024\/02\/Laboratuar-4.jpg'><img loading=\"lazy\" decoding=\"async\" width=\"722\" height=\"368\" src=\"https:\/\/ozfer.com\/wp-content\/uploads\/2024\/02\/Laboratuar-4.jpg\" class=\"attachment-full size-full\" alt=\"\" srcset=\"https:\/\/ozfer.com\/wp-content\/uploads\/2024\/02\/Laboratuar-4.jpg 722w, https:\/\/ozfer.com\/wp-content\/uploads\/2024\/02\/Laboratuar-4-300x153.jpg 300w\" sizes=\"(max-width: 722px) 100vw, 722px\" \/><\/a>\n\t\t\t<\/dt><\/dl><br style=\"clear: both\" \/><dl class='gallery-item'>\n\t\t\t<dt class='gallery-icon landscape'>\n\t\t\t\t<a data-elementor-open-lightbox=\"yes\" data-elementor-lightbox-slideshow=\"dd80b20\" data-elementor-lightbox-title=\"Laboratuar-5\" data-e-action-hash=\"#elementor-action%3Aaction%3Dlightbox%26settings%3DeyJpZCI6ODI1LCJ1cmwiOiJodHRwczpcL1wvb3pmZXIuY29tXC93cC1jb250ZW50XC91cGxvYWRzXC8yMDI0XC8wMlwvTGFib3JhdHVhci01LmpwZyIsInNsaWRlc2hvdyI6ImRkODBiMjAifQ%3D%3D\" href='https:\/\/ozfer.com\/wp-content\/uploads\/2024\/02\/Laboratuar-5.jpg'><img loading=\"lazy\" decoding=\"async\" width=\"722\" height=\"368\" src=\"https:\/\/ozfer.com\/wp-content\/uploads\/2024\/02\/Laboratuar-5.jpg\" class=\"attachment-full size-full\" alt=\"\" srcset=\"https:\/\/ozfer.com\/wp-content\/uploads\/2024\/02\/Laboratuar-5.jpg 722w, https:\/\/ozfer.com\/wp-content\/uploads\/2024\/02\/Laboratuar-5-300x153.jpg 300w\" sizes=\"(max-width: 722px) 100vw, 722px\" \/><\/a>\n\t\t\t<\/dt><\/dl><dl class='gallery-item'>\n\t\t\t<dt class='gallery-icon landscape'>\n\t\t\t\t<a data-elementor-open-lightbox=\"yes\" data-elementor-lightbox-slideshow=\"dd80b20\" data-elementor-lightbox-title=\"Laboratuar-6\" data-e-action-hash=\"#elementor-action%3Aaction%3Dlightbox%26settings%3DeyJpZCI6ODI2LCJ1cmwiOiJodHRwczpcL1wvb3pmZXIuY29tXC93cC1jb250ZW50XC91cGxvYWRzXC8yMDI0XC8wMlwvTGFib3JhdHVhci02LmpwZyIsInNsaWRlc2hvdyI6ImRkODBiMjAifQ%3D%3D\" href='https:\/\/ozfer.com\/wp-content\/uploads\/2024\/02\/Laboratuar-6.jpg'><img loading=\"lazy\" decoding=\"async\" width=\"722\" height=\"368\" src=\"https:\/\/ozfer.com\/wp-content\/uploads\/2024\/02\/Laboratuar-6.jpg\" class=\"attachment-full size-full\" alt=\"\" srcset=\"https:\/\/ozfer.com\/wp-content\/uploads\/2024\/02\/Laboratuar-6.jpg 722w, https:\/\/ozfer.com\/wp-content\/uploads\/2024\/02\/Laboratuar-6-300x153.jpg 300w\" sizes=\"(max-width: 722px) 100vw, 722px\" \/><\/a>\n\t\t\t<\/dt><\/dl><dl class='gallery-item'>\n\t\t\t<dt class='gallery-icon landscape'>\n\t\t\t\t<a data-elementor-open-lightbox=\"yes\" data-elementor-lightbox-slideshow=\"dd80b20\" data-elementor-lightbox-title=\"Laboratuar-7\" data-e-action-hash=\"#elementor-action%3Aaction%3Dlightbox%26settings%3DeyJpZCI6ODI3LCJ1cmwiOiJodHRwczpcL1wvb3pmZXIuY29tXC93cC1jb250ZW50XC91cGxvYWRzXC8yMDI0XC8wMlwvTGFib3JhdHVhci03LmpwZyIsInNsaWRlc2hvdyI6ImRkODBiMjAifQ%3D%3D\" href='https:\/\/ozfer.com\/wp-content\/uploads\/2024\/02\/Laboratuar-7.jpg'><img loading=\"lazy\" decoding=\"async\" width=\"722\" height=\"368\" src=\"https:\/\/ozfer.com\/wp-content\/uploads\/2024\/02\/Laboratuar-7.jpg\" class=\"attachment-full size-full\" alt=\"\" srcset=\"https:\/\/ozfer.com\/wp-content\/uploads\/2024\/02\/Laboratuar-7.jpg 722w, https:\/\/ozfer.com\/wp-content\/uploads\/2024\/02\/Laboratuar-7-300x153.jpg 300w\" sizes=\"(max-width: 722px) 100vw, 722px\" \/><\/a>\n\t\t\t<\/dt><\/dl><dl class='gallery-item'>\n\t\t\t<dt class='gallery-icon landscape'>\n\t\t\t\t<a data-elementor-open-lightbox=\"yes\" data-elementor-lightbox-slideshow=\"dd80b20\" data-elementor-lightbox-title=\"Laboratuar-8\" data-e-action-hash=\"#elementor-action%3Aaction%3Dlightbox%26settings%3DeyJpZCI6ODI4LCJ1cmwiOiJodHRwczpcL1wvb3pmZXIuY29tXC93cC1jb250ZW50XC91cGxvYWRzXC8yMDI0XC8wMlwvTGFib3JhdHVhci04LmpwZyIsInNsaWRlc2hvdyI6ImRkODBiMjAifQ%3D%3D\" href='https:\/\/ozfer.com\/wp-content\/uploads\/2024\/02\/Laboratuar-8.jpg'><img loading=\"lazy\" decoding=\"async\" width=\"722\" height=\"368\" src=\"https:\/\/ozfer.com\/wp-content\/uploads\/2024\/02\/Laboratuar-8.jpg\" class=\"attachment-full size-full\" alt=\"\" srcset=\"https:\/\/ozfer.com\/wp-content\/uploads\/2024\/02\/Laboratuar-8.jpg 722w, https:\/\/ozfer.com\/wp-content\/uploads\/2024\/02\/Laboratuar-8-300x153.jpg 300w\" sizes=\"(max-width: 722px) 100vw, 722px\" \/><\/a>\n\t\t\t<\/dt><\/dl><br style=\"clear: both\" \/>\n\t\t<\/div>\n\t\t<\/div>\n\t\t\t\t<\/div>\n\t\t\t\t<\/div>\n\t\t\t\t\t<\/div>\n\t\t\t\t<\/div>\n\t\t\t\t<section class=\"elementor-section elementor-top-section elementor-element elementor-element-f33ba7c elementor-section-stretched elementor-section-boxed elementor-section-height-default elementor-section-height-default\" data-id=\"f33ba7c\" data-element_type=\"section\" data-settings=\"{&quot;stretch_section&quot;:&quot;section-stretched&quot;,&quot;background_background&quot;:&quot;classic&quot;}\">\n\t\t\t\t\t\t<div class=\"elementor-container elementor-column-gap-no\">\n\t\t\t\t\t<div class=\"elementor-column elementor-col-100 elementor-top-column elementor-element elementor-element-3c5383f\" data-id=\"3c5383f\" data-element_type=\"column\">\n\t\t\t<div class=\"elementor-widget-wrap elementor-element-populated\">\n\t\t\t\t\t\t<div class=\"elementor-element elementor-element-287a588 elementor-widget elementor-widget-download\" data-id=\"287a588\" data-element_type=\"widget\" data-widget_type=\"download.default\">\n\t\t\t\t<div class=\"elementor-widget-container\">\n\t\t\t<div class=\"download\"><div class='download-content text-uppercase' style='color: #FFFFFF'><i class='fa far fa-file-pdf'><\/i> H\u0130ZMETLER\u0130M\u0130Z\u0130N VE PROJE \u00d6ZELL\u0130KLER\u0130M\u0130Z\u0130N TAM KATALO\u011eUNU \u0130ND\u0130R\u0130N<\/div><a target='_blank' href='#' class='btn btn-md btn-dark btn-shadow'><i class='fa fas fa-cloud-download-alt'><\/i> \u0130ND\u0130R<\/a><\/div>\t\t<\/div>\n\t\t\t\t<\/div>\n\t\t\t\t\t<\/div>\n\t\t<\/div>\n\t\t\t\t\t<\/div>\n\t\t<\/section>\n\t\t\t\t<\/div>\n\t\t","protected":false},"excerpt":{"rendered":"<p>\u015eirketimizB\u0130Z\u0130M HAKKIMIZDA 1979 y\u0131l\u0131nda kurulan ve kum d\u00f6k\u00fcm ile \u00fcretimine ba\u015flayan firmam\u0131z 1980 y\u0131l\u0131nda enjeksiyon d\u00f6k\u00fcme y\u00f6nelmi\u015ftir. 1995 y\u0131l\u0131ndan bu yana \u00d6ZFER D\u00d6K\u00dcM San. Tic. Ltd. \u015eti.\u00a0olarak d\u00f6k\u00fcm sekt\u00f6r\u00fcnde kalite ve \u00e7a\u011fda\u015f teknolojiyi esas alarak hizmetlerine devam etmektedir.\u00a0 Ayn\u0131 y\u0131l &hellip;<\/p>\n","protected":false},"author":1,"featured_media":0,"parent":0,"menu_order":0,"comment_status":"closed","ping_status":"closed","template":"","meta":{"footnotes":""},"class_list":["post-94","page","type-page","status-publish","hentry"],"_links":{"self":[{"href":"https:\/\/ozfer.com\/index.php?rest_route=\/wp\/v2\/pages\/94","targetHints":{"allow":["GET"]}}],"collection":[{"href":"https:\/\/ozfer.com\/index.php?rest_route=\/wp\/v2\/pages"}],"about":[{"href":"https:\/\/ozfer.com\/index.php?rest_route=\/wp\/v2\/types\/page"}],"author":[{"embeddable":true,"href":"https:\/\/ozfer.com\/index.php?rest_route=\/wp\/v2\/users\/1"}],"replies":[{"embeddable":true,"href":"https:\/\/ozfer.com\/index.php?rest_route=%2Fwp%2Fv2%2Fcomments&post=94"}],"version-history":[{"count":23,"href":"https:\/\/ozfer.com\/index.php?rest_route=\/wp\/v2\/pages\/94\/revisions"}],"predecessor-version":[{"id":861,"href":"https:\/\/ozfer.com\/index.php?rest_route=\/wp\/v2\/pages\/94\/revisions\/861"}],"wp:attachment":[{"href":"https:\/\/ozfer.com\/index.php?rest_route=%2Fwp%2Fv2%2Fmedia&parent=94"}],"curies":[{"name":"wp","href":"https:\/\/api.w.org\/{rel}","templated":true}]}}